{"id":2222,"date":"2022-05-27T09:43:39","date_gmt":"2022-05-27T09:43:39","guid":{"rendered":"https:\/\/alpino.boxarthotel.com\/aviso-legal\/"},"modified":"2022-10-24T11:36:22","modified_gmt":"2022-10-24T11:36:22","slug":"legal-policy","status":"publish","type":"page","link":"https:\/\/alpino.boxarthotel.com\/en\/legal-policy\/","title":{"rendered":"Legal policy"},"content":{"rendered":"<div class=\"wpb-content-wrapper\"><p>[vc_row pix_particles_check=&#8221;&#8221; css=&#8221;.vc_custom_1654159709601{padding-top: 5% !important;padding-right: 5% !important;padding-bottom: 5% !important;padding-left: 5% !important;}&#8221;][vc_column css=&#8221;.vc_custom_1653387938654{padding-right: 5% !important;padding-left: 5% !important;}&#8221;]<div  class=\"pix-heading-el text-center \"><h1 class=\"text-black font-weight-bold h1 heading-text el-title_custom_color mb-12\" style=\"\" data-anim-type=\"\" data-anim-delay=\"0\">AVISO LEGAL<\/h1><\/div><div id=\"el1653387851944-0c7b4f44-f71f\" class=\"w-100 d-block \"><\/div>[vc_column_text el_class=&#8221;texto&#8221; css=&#8221;.vc_custom_1653645185362{padding-top: 3% !important;}&#8221;]<\/p>\r\n<h2 style=\"text-align: left;\"><span style=\"color: #000000;\">LEY DE PROTECCI\u00d3N DATOS WEB:<\/span><\/h2>\r\n<p>[\/vc_column_text][vc_separator color=&#8221;black&#8221; align=&#8221;align_left&#8221; el_width=&#8221;10&#8243;][vc_column_text el_class=&#8221;texto&#8221;]<span style=\"color: #171717;\">De conformidad con lo dispuesto en la Ley Org\u00e1nica 15\/1999 de Protecci\u00f3n de Datos de car\u00e1cter personal\u00a0<strong>BOX ART HOTEL S.L.<\/strong>\u00a0con\u00a0<strong>C.I.F B86469236<\/strong>, domiciliada a estos efectos en\u00a0<strong>Paseo de Rosales 48, Collado Mediano, 28450 Madrid<\/strong>, le informa que los datos que nos ha proporcionado formar\u00e1n parte de un fichero debidamente inscrito ante la Agencia de Protecci\u00f3n de Datos.<\/span><\/p>\r\n<p>&nbsp;<\/p>\r\n<p><span style=\"color: #171717;\">El responsable del fichero le garantiza la protecci\u00f3n de todos los datos de car\u00e1cter personal facilitados y, en cumplimiento de lo dispuesto en la Ley Org\u00e1nica 15\/1999, de 13 de diciembre, de datos de car\u00e1cter personal y el RD 1720\/2007 de 21 de diciembre y restante normativa de aplicaci\u00f3n le informa que:<\/span><\/p>\r\n<p>&nbsp;<\/p>\r\n<ol>\r\n<li><span style=\"color: #171717;\">Todos los datos de car\u00e1cter personal facilitados ser\u00e1n tratados de acuerdo con las prescripciones legales aplicables al respecto y quedar\u00e1n incorporados en el fichero de Clientes y Proveedores, creado y mantenido bajo nuestra responsabilidad, el cual ha sido debidamente registrado ante la Agencia Espa\u00f1ola de Protecci\u00f3n de Datos.<\/span><\/li>\r\n<li><span style=\"color: #171717;\">Los datos son recabados con la finalidad de gestionar y llevar a cabo las labores propias del hotel-restaurante.<\/span><\/li>\r\n<li><span style=\"color: #171717;\">Los datos de car\u00e1cter personal incorporados en el fichero referido podr\u00e1n ser cedidos siempre a entidades y\/u Organismos P\u00fablicos, cuando una Ley as\u00ed lo disponga, y siempre que as\u00ed lo requieran, lo que usted acepta expresamente.<\/span><\/li>\r\n<li><span style=\"color: #171717;\">La empresa podr\u00e1 utilizar la informaci\u00f3n proporcionada para fines directamente relacionados con la actividad, en especial para el env\u00edo de comunicaciones informativas sobre los servicios contratados, as\u00ed como aquellos otros servicios que pudieran beneficiarle. Si no autoriza el tratamiento de sus datos con esta \u00faltima finalidad le rogamos marque la casilla ( ).<\/span><\/li>\r\n<li><span style=\"color: #171717;\">Salvo que muestre su disconformidad, seg\u00fan lo establecido en la clausula \u00abf\u00bb, usted autoriza expresamente al tratamiento, y cesi\u00f3n, de sus datos de car\u00e1cter personal, todo ello de conformidad con lo establecido en los p\u00e1rrafos anteriores.<\/span><\/li>\r\n<li><span style=\"color: #171717;\">Usted podr\u00e1, en todo momento, ejercitar los derechos de acceso, rectificaci\u00f3n, cancelaci\u00f3n y oposici\u00f3n sobre sus datos personales, as\u00ed como el de revocaci\u00f3n del consentimiento, para cualquiera de las finalidades antes se\u00f1aladas, enviando comunicaci\u00f3n escrita al siguiente mail:\u00a0<strong>latorre@boxarthotel.com<\/strong>, haciendo constar el motivo de su ejercicio de derecho y acompa\u00f1ando fotocopia de su DNI\/NIF o documento que acredite su identidad.<\/span><\/li>\r\n<\/ol>\r\n<p>[\/vc_column_text][\/vc_column][\/vc_row]<\/p>\r\n<\/div>","protected":false},"excerpt":{"rendered":"[vc_row pix_particles_check=&#8221;&#8221; css=&#8221;.vc_custom_1654159709601{padding-top: 5% !important;padding-right: 5% !important;padding-bottom: 5% !important;padding-left: 5% !important;}&#8221;][vc_column css=&#8221;.vc_custom_1653387938654{padding-right: 5% !important;padding-left: 5% !important;}&#8221;][vc_column_text el_class=&#8221;texto&#8221; css=&#8221;.vc_custom_1653645185362{padding-top: 3% !important;}&#8221;] LEY DE PROTECCI\u00d3N DATOS WEB: [\/vc_column_text][vc_separator color=&#8221;black&#8221; align=&#8221;align_left&#8221; el_width=&#8221;10&#8243;][vc_column_text el_class=&#8221;texto&#8221;]De conformidad con lo dispuesto en la Ley Org\u00e1nica 15\/1999 de&#8230;","protected":false},"author":2,"featured_media":0,"parent":0,"menu_order":0,"comment_status":"closed","ping_status":"closed","template":"","meta":{"footnotes":""},"class_list":["post-2222","page","type-page","status-publish","hentry"],"_links":{"self":[{"href":"https:\/\/alpino.boxarthotel.com\/en\/wp-json\/wp\/v2\/pages\/2222","targetHints":{"allow":["GET"]}}],"collection":[{"href":"https:\/\/alpino.boxarthotel.com\/en\/wp-json\/wp\/v2\/pages"}],"about":[{"href":"https:\/\/alpino.boxarthotel.com\/en\/wp-json\/wp\/v2\/types\/page"}],"author":[{"embeddable":true,"href":"https:\/\/alpino.boxarthotel.com\/en\/wp-json\/wp\/v2\/users\/2"}],"replies":[{"embeddable":true,"href":"https:\/\/alpino.boxarthotel.com\/en\/wp-json\/wp\/v2\/comments?post=2222"}],"version-history":[{"count":3,"href":"https:\/\/alpino.boxarthotel.com\/en\/wp-json\/wp\/v2\/pages\/2222\/revisions"}],"predecessor-version":[{"id":2225,"href":"https:\/\/alpino.boxarthotel.com\/en\/wp-json\/wp\/v2\/pages\/2222\/revisions\/2225"}],"wp:attachment":[{"href":"https:\/\/alpino.boxarthotel.com\/en\/wp-json\/wp\/v2\/media?parent=2222"}],"curies":[{"name":"wp","href":"https:\/\/api.w.org\/{rel}","templated":true}]}}